{"id":9891,"date":"2024-04-06T13:49:33","date_gmt":"2024-04-06T11:49:33","guid":{"rendered":"https:\/\/stoffega.com\/?post_type=product&#038;p=9891"},"modified":"2026-02-15T11:26:57","modified_gmt":"2026-02-15T09:26:57","slug":"gelbe-punkte-2-4-2-2-2-2-2","status":"publish","type":"product","link":"https:\/\/stoffega.com\/en\/product\/gelbe-punkte-2-4-2-2-2-2-2","title":{"rendered":"Zitronen und Orangen"},"content":{"rendered":"<p>Diese kleinen Stoffbeutel eigenen sich wunderbar als originelle Verpackung f\u00fcr Ostergeschenke. Nach Ostern ist es ein kleines K\u00f6rbchen, in dem sich allerhand kleiner Krimskrams gut verwahren l\u00e4sst.<\/p>","protected":false},"excerpt":{"rendered":"<p><span>handgefertigt aus hochwertigen Leinen- und Baumwollstoffen<\/span><\/p>\n<p>Gr\u00f6\u00dfe: ca. 9cm x 9cm x 9cm<\/p>","protected":false},"featured_media":16191,"comment_status":"closed","ping_status":"closed","template":"","meta":[],"product_brand":[],"product_cat":[132],"product_tag":[578,576,577,574,579,575],"class_list":{"0":"post-9891","1":"product","2":"type-product","3":"status-publish","4":"has-post-thumbnail","6":"product_cat-osterhasenbeutel","7":"product_tag-hasenohren","8":"product_tag-osterbeutel","9":"product_tag-osterhase","10":"product_tag-osterkorb","11":"product_tag-osterkoerbchen","12":"product_tag-osternest","14":"first","15":"instock","16":"shipping-taxable","17":"purchasable","18":"product-type-simple"},"jetpack_sharing_enabled":true,"_links":{"self":[{"href":"https:\/\/stoffega.com\/en\/wp-json\/wp\/v2\/product\/9891","targetHints":{"allow":["GET"]}}],"collection":[{"href":"https:\/\/stoffega.com\/en\/wp-json\/wp\/v2\/product"}],"about":[{"href":"https:\/\/stoffega.com\/en\/wp-json\/wp\/v2\/types\/product"}],"replies":[{"embeddable":true,"href":"https:\/\/stoffega.com\/en\/wp-json\/wp\/v2\/comments?post=9891"}],"wp:featuredmedia":[{"embeddable":true,"href":"https:\/\/stoffega.com\/en\/wp-json\/wp\/v2\/media\/16191"}],"wp:attachment":[{"href":"https:\/\/stoffega.com\/en\/wp-json\/wp\/v2\/media?parent=9891"}],"wp:term":[{"taxonomy":"product_brand","embeddable":true,"href":"https:\/\/stoffega.com\/en\/wp-json\/wp\/v2\/product_brand?post=9891"},{"taxonomy":"product_cat","embeddable":true,"href":"https:\/\/stoffega.com\/en\/wp-json\/wp\/v2\/product_cat?post=9891"},{"taxonomy":"product_tag","embeddable":true,"href":"https:\/\/stoffega.com\/en\/wp-json\/wp\/v2\/product_tag?post=9891"}],"curies":[{"name":"wp","href":"https:\/\/api.w.org\/{rel}","templated":true}]}}