{"id":9920,"date":"2024-04-06T15:12:41","date_gmt":"2024-04-06T13:12:41","guid":{"rendered":"https:\/\/stoffega.com\/?post_type=product&#038;p=9920"},"modified":"2025-06-11T21:57:57","modified_gmt":"2025-06-11T19:57:57","slug":"baeume-3","status":"publish","type":"product","link":"https:\/\/stoffega.com\/en\/product\/baeume-3","title":{"rendered":"Today is a good day"},"content":{"rendered":"<p><span>Meine Zirbenkissen sind mit 100% heimischen Zirbenholzflocken 1. Qualit\u00e4t gef\u00fcllt. Das Kissen ist in 3 Kammern untergeteilt, sodass die Zirbenholzflocken gleichm\u00e4\u00dfig verteilt bleiben.<\/span><\/p>\n<p><span>Der Bezug ist abnehmbar und somit bei 30\u00b0 Grad Pflegew\u00e4sche in der Maschine waschbar.<\/span><\/p>\n<p>Durch die K\u00f6rperw\u00e4rme werden \u00e4therischen \u00d6le und somit die Wirkung der Zirbe freigesetzt. Zirbenflocken knistern leise und verstr\u00f6men einen wunderbaren Duft. Es wird empfohlen das Kissen zeitweise an der frischen Luft zu l\u00fcften, dabei sollte es nicht nass oder feucht werden.<\/p>\n<p>Die Zirbe, auch Zirbelkiefer genannt ist ein Kieferngew\u00e4chs, beheimatet in den Regionen der Alpen und Karpaten. Bereits seit Jahrhunderten verwendet der Mensch das Holz der Zirbe als Werkstoff im Holz- und M\u00f6belbau. Es ist wegen seiner Weichheit, der leichten Verarbeitbarkeit und aufgrund des wohlriechenden, aromatischen Geruchs, der das Holz verstr\u00f6mt, beliebt.<\/p>\n<p>Die verwendeten Zirbenflocken sind besonders harzreich, wodurch der Duft besonders intensiv ist und Sie\u00a0 ihn lange genie\u00dfen k\u00f6nnen. Die verwendeten Flocken werden speziell als F\u00fcllmaterial f\u00fcr Kissen gehobelt. Wir verwenden keine Abfallsp\u00e4ne!\u00a0Die Wirkung der Zirbe ergibt sich aus den im Holz enthaltenden \u00e4therischen \u00d6len, diese sind f\u00fcr den Duft verantwortlich. Es wird ihm ein beruhigender, entspannender Effekt nachgesagt.<\/p>\n<p>Gerne fertige ich die Kissen auch in Wunschgr\u00f6\u00dfen an.<\/p>","protected":false},"excerpt":{"rendered":"<p><span>handgefertigt aus hochwertigen Baumwollstoffen und wunderbar weichen Essex-Leinen<\/span><\/p>\n<p>Gr\u00f6\u00dfe: ca. 34cm x 17cm<\/p>","protected":false},"featured_media":13592,"comment_status":"closed","ping_status":"closed","template":"","meta":[],"product_brand":[],"product_cat":[126],"product_tag":[224,447,448,450,451,449],"class_list":{"0":"post-9920","1":"product","2":"type-product","3":"status-publish","4":"has-post-thumbnail","6":"product_cat-zirbenkissen","7":"product_tag-duftkissen","8":"product_tag-zirbe","9":"product_tag-zirbenflocken","10":"product_tag-zirbenholz","11":"product_tag-zirbenkissen","12":"product_tag-zirbenspaene","13":"product_shipping_class-paeckchen","15":"first","16":"instock","17":"shipping-taxable","18":"purchasable","19":"product-type-simple"},"jetpack_sharing_enabled":true,"_links":{"self":[{"href":"https:\/\/stoffega.com\/en\/wp-json\/wp\/v2\/product\/9920","targetHints":{"allow":["GET"]}}],"collection":[{"href":"https:\/\/stoffega.com\/en\/wp-json\/wp\/v2\/product"}],"about":[{"href":"https:\/\/stoffega.com\/en\/wp-json\/wp\/v2\/types\/product"}],"replies":[{"embeddable":true,"href":"https:\/\/stoffega.com\/en\/wp-json\/wp\/v2\/comments?post=9920"}],"wp:featuredmedia":[{"embeddable":true,"href":"https:\/\/stoffega.com\/en\/wp-json\/wp\/v2\/media\/13592"}],"wp:attachment":[{"href":"https:\/\/stoffega.com\/en\/wp-json\/wp\/v2\/media?parent=9920"}],"wp:term":[{"taxonomy":"product_brand","embeddable":true,"href":"https:\/\/stoffega.com\/en\/wp-json\/wp\/v2\/product_brand?post=9920"},{"taxonomy":"product_cat","embeddable":true,"href":"https:\/\/stoffega.com\/en\/wp-json\/wp\/v2\/product_cat?post=9920"},{"taxonomy":"product_tag","embeddable":true,"href":"https:\/\/stoffega.com\/en\/wp-json\/wp\/v2\/product_tag?post=9920"}],"curies":[{"name":"wp","href":"https:\/\/api.w.org\/{rel}","templated":true}]}}