{"id":9927,"date":"2024-04-06T15:22:20","date_gmt":"2024-04-06T13:22:20","guid":{"rendered":"https:\/\/stoffega.com\/?post_type=product&#038;p=9927"},"modified":"2026-01-31T15:46:32","modified_gmt":"2026-01-31T13:46:32","slug":"rosen-schwarz-4","status":"publish","type":"product","link":"https:\/\/stoffega.com\/en\/product\/rosen-schwarz-4","title":{"rendered":"Rosen &#8211; schwarz"},"content":{"rendered":"<p><span>Meine Kr\u00e4uterkissen sind zu 100 % mit einer nat\u00fcrlichen Kr\u00e4utermischung und Dinkelspelz gef\u00fcllt, die ich von einem zertifizierten, gemeinn\u00fctzigen Unternehmen beziehe.<\/span><\/p>\n<p><span>Der Bezug ist abnehmbar und somit bei 30\u00b0 Grad Pflegew\u00e4sche in der Maschine waschbar.<\/span><\/p>\n<p>Die Kr\u00e4utermischung enth\u00e4lt unter anderem Thymian, Rosmarin, Salbei, Lavendel, Minze, Kamille und Anis<\/p>\n<p>DUFTIUNTENSIV UND NATURBELASSEN\u00a0 &#8211; Der \u00e4therische Duft verschiedenster Kr\u00e4uter kann helfen zu entspannen, Kopfschmerzen zu mildern, bei Einschlafproblemen zu helfen, f\u00fcr Entspannung sorgen, er harmonisiert das Raumklima. Die nat\u00fcrliche K\u00f6rperw\u00e4rme setzt die aromatischen D\u00e4mpfe der Kr\u00e4uter frei.\u00a0Durch Sch\u00fctteln, Reiben oder Dr\u00fccken der Kissen, entfalten sich die \u00e4therischen \u00d6le.<\/p>\n<p>Die Kr\u00e4uterkissen d\u00fcrfen nicht im Backrohr oder in der Mikrowelle erw\u00e4rmt werden &#8211; Entflammungsgefahr.<\/p>\n<p>Gerne fertige ich die Kissen auch in Wunschgr\u00f6\u00dfen an.<\/p>","protected":false},"excerpt":{"rendered":"<p><span>handgefertigt aus hochwertigem, kuscheligem Flanell<\/span><\/p>\n<p>Gr\u00f6\u00dfe: ca. 19cm x 19cm<\/p>","protected":false},"featured_media":9799,"comment_status":"closed","ping_status":"closed","template":"","meta":[],"product_brand":[],"product_cat":[120],"product_tag":[],"class_list":{"0":"post-9927","1":"product","2":"type-product","3":"status-publish","4":"has-post-thumbnail","6":"product_cat-kraeuterkissen","7":"product_shipping_class-paeckchen","9":"first","10":"instock","11":"sale","12":"shipping-taxable","13":"purchasable","14":"product-type-simple"},"jetpack_sharing_enabled":true,"_links":{"self":[{"href":"https:\/\/stoffega.com\/en\/wp-json\/wp\/v2\/product\/9927","targetHints":{"allow":["GET"]}}],"collection":[{"href":"https:\/\/stoffega.com\/en\/wp-json\/wp\/v2\/product"}],"about":[{"href":"https:\/\/stoffega.com\/en\/wp-json\/wp\/v2\/types\/product"}],"replies":[{"embeddable":true,"href":"https:\/\/stoffega.com\/en\/wp-json\/wp\/v2\/comments?post=9927"}],"wp:featuredmedia":[{"embeddable":true,"href":"https:\/\/stoffega.com\/en\/wp-json\/wp\/v2\/media\/9799"}],"wp:attachment":[{"href":"https:\/\/stoffega.com\/en\/wp-json\/wp\/v2\/media?parent=9927"}],"wp:term":[{"taxonomy":"product_brand","embeddable":true,"href":"https:\/\/stoffega.com\/en\/wp-json\/wp\/v2\/product_brand?post=9927"},{"taxonomy":"product_cat","embeddable":true,"href":"https:\/\/stoffega.com\/en\/wp-json\/wp\/v2\/product_cat?post=9927"},{"taxonomy":"product_tag","embeddable":true,"href":"https:\/\/stoffega.com\/en\/wp-json\/wp\/v2\/product_tag?post=9927"}],"curies":[{"name":"wp","href":"https:\/\/api.w.org\/{rel}","templated":true}]}}