{"id":9994,"date":"2024-05-14T16:03:25","date_gmt":"2024-05-14T14:03:25","guid":{"rendered":"https:\/\/stoffega.com\/?post_type=product&#038;p=9994"},"modified":"2025-12-10T14:47:46","modified_gmt":"2025-12-10T12:47:46","slug":"schwarze-faecher-ringbuch-a4-2-2","status":"publish","type":"product","link":"https:\/\/stoffega.com\/en\/product\/schwarze-faecher-ringbuch-a4-2-2","title":{"rendered":"Marienk\u00e4fer t\u00fcrkis &#8211; Ringbuch A4"},"content":{"rendered":"<p>Dieses Ringbuch kann vielseitig eingesetzt werden, z.B. als Terminplaner, Bulletjournal, Kochbuch, Notizbuch, Reisetagebuch oder auch als Schulplaner oder Hausaufgabenheft.<\/p>\n<p>In den inneren Seitenf\u00e4chern lassen sich auch Notizen oder andere Papiere gut verstauen.<\/p>\n<p>Das Ringbuch wird mit einem herausnehmbaren Stiftem\u00e4ppchen im gleichen Design geliefert.<\/p>\n<p>Die Mappe l\u00e4sst sich mit einem Rundgummi schnell schlie\u00dfen, sodass alles sicher verwahrt ist.<\/p>\n<p>Der Kork ist wasserabweisend und kann bei Verschmutzung mit einem feuchten Tuch und etwas Seife gereinigt werden.<\/p>\n<p>Das Ringbuch ist nach dem Schnittmuster von Spatz und Lux gearbeitet. Lizenznummer: 249060-SJ001-172<\/p>\n<p>&nbsp;<\/p>","protected":false},"excerpt":{"rendered":"<p><span>handgefertigt aus portugiesischem Kork und hochwertigen Baumwollstoffen, mit Ringbuchmechanik und Stiftem\u00e4ppchen \u2013 ohne Einlagebl\u00e4tter<\/span><\/p>\n<p>Gr\u00f6\u00dfe (geschlossen) : 32cm x 30cm (passend f\u00fcr Einlagebl\u00e4tter \u201cA4\u201d mit 4-fach-Lochung)<\/p>","protected":false},"featured_media":12645,"comment_status":"closed","ping_status":"closed","template":"","meta":[],"product_brand":[],"product_cat":[228],"product_tag":[232,235,231,233,236,234,229,230,215,237],"class_list":{"0":"post-9994","1":"product","2":"type-product","3":"status-publish","4":"has-post-thumbnail","6":"product_cat-ringbuchjournal-a5","7":"product_tag-bulletjournal","8":"product_tag-jahresplaner","9":"product_tag-kalender","10":"product_tag-kochbuch","11":"product_tag-notizbuch","12":"product_tag-rezeptesammlung","13":"product_tag-ringbuch","14":"product_tag-spatzjournal","15":"product_tag-stiftemaeppchen","16":"product_tag-tagebuch","17":"product_shipping_class-paeckchen","19":"first","20":"instock","21":"shipping-taxable","22":"purchasable","23":"product-type-simple"},"jetpack_sharing_enabled":true,"_links":{"self":[{"href":"https:\/\/stoffega.com\/en\/wp-json\/wp\/v2\/product\/9994","targetHints":{"allow":["GET"]}}],"collection":[{"href":"https:\/\/stoffega.com\/en\/wp-json\/wp\/v2\/product"}],"about":[{"href":"https:\/\/stoffega.com\/en\/wp-json\/wp\/v2\/types\/product"}],"replies":[{"embeddable":true,"href":"https:\/\/stoffega.com\/en\/wp-json\/wp\/v2\/comments?post=9994"}],"wp:featuredmedia":[{"embeddable":true,"href":"https:\/\/stoffega.com\/en\/wp-json\/wp\/v2\/media\/12645"}],"wp:attachment":[{"href":"https:\/\/stoffega.com\/en\/wp-json\/wp\/v2\/media?parent=9994"}],"wp:term":[{"taxonomy":"product_brand","embeddable":true,"href":"https:\/\/stoffega.com\/en\/wp-json\/wp\/v2\/product_brand?post=9994"},{"taxonomy":"product_cat","embeddable":true,"href":"https:\/\/stoffega.com\/en\/wp-json\/wp\/v2\/product_cat?post=9994"},{"taxonomy":"product_tag","embeddable":true,"href":"https:\/\/stoffega.com\/en\/wp-json\/wp\/v2\/product_tag?post=9994"}],"curies":[{"name":"wp","href":"https:\/\/api.w.org\/{rel}","templated":true}]}}